{"id":54,"date":"2022-08-09T11:54:28","date_gmt":"2022-08-09T09:54:28","guid":{"rendered":"http:\/\/aikido-fontaine-38.fr\/?page_id=54"},"modified":"2022-08-19T14:58:28","modified_gmt":"2022-08-19T12:58:28","slug":"plan-dacces","status":"publish","type":"page","link":"https:\/\/aikido-fontaine-38.fr\/index.php\/plan-dacces\/","title":{"rendered":"Plan d&rsquo;acc\u00e8s"},"content":{"rendered":"\n<p>Adresse du DOJO : 36 Bis avenue Jean-Jaur\u00e8s 38600 FONTAINE<\/p>\n\n\n\n<p>Tramway \u00e0 300 m\u00e8tres, arr\u00eat \u00ab\u00a0les Fontainades\u00a0\u00bb<\/p>\n\n\n<p><iframe src=\"https:\/\/www.google.com\/maps\/embed?pb=!1m18!1m12!1m3!1d2811.848098335897!2d5.69557191554829!3d45.19017107909869!2m3!1f0!2f0!3f0!3m2!1i1024!2i768!4f13.1!3m3!1m2!1s0x478af3e40ef78001%3A0x1a58e78245c44792!2sAS%20FONTAINE%20A%C3%8FKIDO!5e0!3m2!1sfr!2sfr!4v1660038823276!5m2!1sfr!2sfr\" width=\"600\" height=\"450\" style=\"border:0;\" allowfullscreen=\"\" loading=\"lazy\" referrerpolicy=\"no-referrer-when-downgrade\"><\/iframe><\/p>\n","protected":false},"excerpt":{"rendered":"<p>Adresse du DOJO : 36 Bis avenue Jean-Jaur\u00e8s 38600 FONTAINE Tramway \u00e0 300 m\u00e8tres, arr\u00eat \u00ab\u00a0les Fontainades\u00a0\u00bb<\/p>\n","protected":false},"author":1,"featured_media":0,"parent":0,"menu_order":0,"comment_status":"closed","ping_status":"closed","template":"","meta":{"footnotes":""},"class_list":["post-54","page","type-page","status-publish","hentry"],"_links":{"self":[{"href":"https:\/\/aikido-fontaine-38.fr\/index.php\/wp-json\/wp\/v2\/pages\/54","targetHints":{"allow":["GET"]}}],"collection":[{"href":"https:\/\/aikido-fontaine-38.fr\/index.php\/wp-json\/wp\/v2\/pages"}],"about":[{"href":"https:\/\/aikido-fontaine-38.fr\/index.php\/wp-json\/wp\/v2\/types\/page"}],"author":[{"embeddable":true,"href":"https:\/\/aikido-fontaine-38.fr\/index.php\/wp-json\/wp\/v2\/users\/1"}],"replies":[{"embeddable":true,"href":"https:\/\/aikido-fontaine-38.fr\/index.php\/wp-json\/wp\/v2\/comments?post=54"}],"version-history":[{"count":2,"href":"https:\/\/aikido-fontaine-38.fr\/index.php\/wp-json\/wp\/v2\/pages\/54\/revisions"}],"predecessor-version":[{"id":256,"href":"https:\/\/aikido-fontaine-38.fr\/index.php\/wp-json\/wp\/v2\/pages\/54\/revisions\/256"}],"wp:attachment":[{"href":"https:\/\/aikido-fontaine-38.fr\/index.php\/wp-json\/wp\/v2\/media?parent=54"}],"curies":[{"name":"wp","href":"https:\/\/api.w.org\/{rel}","templated":true}]}}